{"id":110,"date":"2013-05-16T13:11:13","date_gmt":"2013-05-16T10:11:13","guid":{"rendered":"http:\/\/mila.ee\/?page_id=110"},"modified":"2014-04-03T19:29:15","modified_gmt":"2014-04-03T16:29:15","slug":"%d1%80%d0%b5%d0%bc%d0%be%d0%bd%d1%82-%d0%be%d0%b4%d0%b5%d0%b6%d0%b4%d1%8b","status":"publish","type":"page","link":"https:\/\/mila.ee\/?page_id=110","title":{"rendered":"\u0420\u0435\u043c\u043e\u043d\u0442 \u043e\u0434\u0435\u0436\u0434\u044b"},"content":{"rendered":"<p><b>\u00d5MBLUSATELJEE MILA<\/b><\/p>\n<p>Mila \u00d5mblusateljee p\u00f5hitegevus on riiete parandus ja \u00f5mblusteenused &#8211; lukuvahetus,\u00a0 p\u00fckste l\u00fchemaks tegemine, r\u00f5ivaste kohendamine, voodrivahetus, kelkude vahetamine, purunenud kohtade paikamine. Kardinate \u00f5mblemine. \u00d5mblusateljee r\u00e4tsep \u00f5mbleb Teie soovile vastavalt kleidi, kost\u00fc\u00fcmi, seeliku, p\u00fcksid v\u00f5i mantli.<\/p>\n<p><a href=\"http:\/\/mila.ee\/wp-content\/uploads\/2013\/05\/beginning-sewing-journal-cover-4_product_main.jpg\"><img fetchpriority=\"high\" decoding=\"async\" class=\"alignleft size-full wp-image-143\" alt=\"beginning-sewing-journal-cover-4_product_main\" src=\"http:\/\/mila.ee\/wp-content\/uploads\/2013\/05\/beginning-sewing-journal-cover-4_product_main.jpg\" width=\"532\" height=\"356\" \/><\/a><\/p>\n","protected":false},"excerpt":{"rendered":"<p>\u00d5MBLUSATELJEE MILA Mila \u00d5mblusateljee p\u00f5hitegevus on riiete parandus ja \u00f5mblusteenused &#8211; lukuvahetus,\u00a0 p\u00fckste l\u00fchemaks tegemine, <a href=\"https:\/\/mila.ee\/?page_id=110\">Read more<\/a><\/p>\n","protected":false},"author":1,"featured_media":0,"parent":0,"menu_order":0,"comment_status":"closed","ping_status":"closed","template":"","meta":{"footnotes":""},"class_list":["post-110","page","type-page","status-publish","hentry"],"_links":{"self":[{"href":"https:\/\/mila.ee\/index.php?rest_route=\/wp\/v2\/pages\/110","targetHints":{"allow":["GET"]}}],"collection":[{"href":"https:\/\/mila.ee\/index.php?rest_route=\/wp\/v2\/pages"}],"about":[{"href":"https:\/\/mila.ee\/index.php?rest_route=\/wp\/v2\/types\/page"}],"author":[{"embeddable":true,"href":"https:\/\/mila.ee\/index.php?rest_route=\/wp\/v2\/users\/1"}],"replies":[{"embeddable":true,"href":"https:\/\/mila.ee\/index.php?rest_route=%2Fwp%2Fv2%2Fcomments&post=110"}],"version-history":[{"count":2,"href":"https:\/\/mila.ee\/index.php?rest_route=\/wp\/v2\/pages\/110\/revisions"}],"predecessor-version":[{"id":161,"href":"https:\/\/mila.ee\/index.php?rest_route=\/wp\/v2\/pages\/110\/revisions\/161"}],"wp:attachment":[{"href":"https:\/\/mila.ee\/index.php?rest_route=%2Fwp%2Fv2%2Fmedia&parent=110"}],"curies":[{"name":"wp","href":"https:\/\/api.w.org\/{rel}","templated":true}]}}